{"id":2389,"date":"2021-05-29T19:15:21","date_gmt":"2021-05-29T17:15:21","guid":{"rendered":"https:\/\/m23.uber.space\/?page_id=2389"},"modified":"2021-08-03T11:29:59","modified_gmt":"2021-08-03T09:29:59","slug":"leerstandsmelder","status":"publish","type":"page","link":"https:\/\/m23.uber.space\/en\/leerstandsmelder\/","title":{"rendered":"Leerstandsmelder"},"content":{"rendered":"<h2>Leere Wohnungen f\u00fcr Gefl\u00fcchtete &#8211; Wohnen ist kein Privileg, sondern ein Menschenrecht!<\/h2>\n<p><\/p>\n<p><strong>Die <span class='hurraki_tooltip' data-title='Idee' style='border-bottom:2px dotted #888;'>Idee<\/span> des Leerstandsmelder ist es<\/strong>, vorhandenes Wissen zu sammeln \u00fcber:<\/p>\n<ul>\n<li>leerstehende Wohnungen in der (Stadt-)Nachbarschaft<\/li>\n<p><\/p>\n<li>aufgeschlossene Vermieter*innen<\/li>\n<p><\/p>\n<li>weitere Unterst\u00fctzungsm\u00f6glichkeiten<\/li>\n<p>\n<\/ul>\n<p>In Zusammenarbeit mit dem Frauen\u00b7zentrum Towanda geben wir dieses Wissen an Interessent*innen weiter.<\/p>\n<p>Damit wollen wir sie bei ihrer Wohnungs\u00b7suche unterst\u00fctzen.<\/p>\n<p><a href=\"https:\/\/m23.uber.space\/leerstandsmelder-infos\/\">Mehr Infos<\/a><\/p>\n<p>\u00a0<\/p>\n<\/p>\n<p><em>Meldet Euch bei uns, wenn ihr erfahrt<br \/>\n<\/em><\/p>\n<ul>\n<li><em>wo Wohnungen frei werden oder leer stehen,<\/em><\/li>\n<p><\/p>\n<li><em> welche Vermieter*innen sich gegen <span class='hurraki_tooltip' data-title='Diskriminierung' style='border-bottom:2px dotted #888;'>Diskriminierung<\/span> einsetzen oder <\/em><\/li>\n<p><\/p>\n<li><em>ihr euch vorstellen k\u00f6nnt, selbst Gefl\u00fcchtete bei ihrer Suche oder Wohnungsbesichtigungsterminen direkt zu unterst\u00fctzen und zu begleiten oder <\/em><\/li>\n<p><\/p>\n<li><em>Diskriminierung bei der Wohnungssuche erlebt und Unterst\u00fctzung <span class='hurraki_tooltip' data-title='sucht' style='border-bottom:2px dotted #888;'>sucht<\/span><br \/>\n<\/em><\/li>\n<\/ul>\n<p><a href=\"mailto:stadtteilladensued@riseup.net?subject=Leerstandsmelder%20Jena%20Sued\"><img loading=\"lazy\" decoding=\"async\" class=\"wp-image-2617 alignnone\" src=\"https:\/\/magdelstube.de\/wp-content\/uploads\/2021\/06\/email-1873375_1280-300x189.png\" alt=\"\" width=\"188\" height=\"118\" \/><\/a><\/p>\n<p><em>(auf das <span class='hurraki_tooltip' data-title='E-Mail' style='border-bottom:2px dotted #888;'>E-<span class='hurraki_tooltip' data-title='Mail' style='border-bottom:2px dotted #888;'>Mail<\/span><\/span> Symbol klicken)\u00a0<\/em><\/p>\n<p><iframe loading=\"lazy\" src=\"\/\/umap.openstreetmap.de\/de\/map\/unbenannte-karte_14345?scaleControl=false&#038;miniMap=false&#038;scrollWheelZoom=false&#038;zoomControl=true&#038;allowEdit=false&#038;moreControl=true&#038;searchControl=null&#038;tilelayersControl=null&#038;embedControl=null&#038;datalayersControl=true&#038;onLoadPanel=undefined&#038;captionBar=false\" width=\"100%\" height=\"300px\" frameborder=\"0\" allowfullscreen=\"allowfullscreen\"><\/iframe><\/p>\n<p><a href=\"\/\/umap.openstreetmap.de\/de\/map\/unbenannte-karte_14345\">Vollbildanzeige<\/a><\/p>\n","protected":false},"excerpt":{"rendered":"<p>Leere Wohnungen f\u00fcr Gefl\u00fcchtete &#8211; Wohnen ist kein Privileg, sondern ein Menschenrecht! Die Idee des Leerstandsmelder ist es, vorhandenes Wissen zu sammeln \u00fcber: leerstehende Wohnungen in der (Stadt-)Nachbarschaft aufgeschlossene Vermieter*innen weitere Unterst\u00fctzungsm\u00f6glichkeiten In Zusammenarbeit mit dem Frauen\u00b7zentrum Towanda geben wir<\/p>\n","protected":false},"author":1,"featured_media":0,"parent":0,"menu_order":0,"comment_status":"closed","ping_status":"closed","template":"","meta":{"footnotes":""},"class_list":["post-2389","page","type-page","status-publish","hentry"],"translation":{"provider":"WPGlobus","version":"3.0.2","language":"en","enabled_languages":["de","en"],"languages":{"de":{"title":true,"content":true,"excerpt":false},"en":{"title":false,"content":false,"excerpt":false}}},"_links":{"self":[{"href":"https:\/\/m23.uber.space\/en\/wp-json\/wp\/v2\/pages\/2389","targetHints":{"allow":["GET"]}}],"collection":[{"href":"https:\/\/m23.uber.space\/en\/wp-json\/wp\/v2\/pages"}],"about":[{"href":"https:\/\/m23.uber.space\/en\/wp-json\/wp\/v2\/types\/page"}],"author":[{"embeddable":true,"href":"https:\/\/m23.uber.space\/en\/wp-json\/wp\/v2\/users\/1"}],"replies":[{"embeddable":true,"href":"https:\/\/m23.uber.space\/en\/wp-json\/wp\/v2\/comments?post=2389"}],"version-history":[{"count":41,"href":"https:\/\/m23.uber.space\/en\/wp-json\/wp\/v2\/pages\/2389\/revisions"}],"predecessor-version":[{"id":2988,"href":"https:\/\/m23.uber.space\/en\/wp-json\/wp\/v2\/pages\/2389\/revisions\/2988"}],"wp:attachment":[{"href":"https:\/\/m23.uber.space\/en\/wp-json\/wp\/v2\/media?parent=2389"}],"curies":[{"name":"wp","href":"https:\/\/api.w.org\/{rel}","templated":true}]}}