{"id":999,"date":"2020-02-03T14:12:03","date_gmt":"2020-02-03T13:12:03","guid":{"rendered":"\/?page_id=999"},"modified":"2021-07-31T06:11:53","modified_gmt":"2021-07-31T04:11:53","slug":"impressum","status":"publish","type":"page","link":"https:\/\/m23.uber.space\/en\/impressum\/","title":{"rendered":"Impressum"},"content":{"rendered":"<h2><span style=\"font-size: 14pt;\"><strong>Angaben gem\u00e4\u00df \u00a7 5 TMG:<\/strong><\/span><\/h2>\n<p><strong>Selbstorganisierter Stadtteilladen im S\u00fcdviertel &#8220;Magdelstube&#8221;<\/strong><\/p>\n<p>s\u00fcdviertel solidarisch e.V. i. Gr.<br \/>\nMagdelstieg 23<br \/>\n07745 Jena<\/p>\n<p><strong>Vorstand:<\/strong><\/p>\n<p>Rebekka Grimm, Sebastian Bandelin &amp; Nadine Ziller<\/p>\n<p><strong>Kontakt:<\/strong><\/p>\n<p><span class='hurraki_tooltip' data-title='E-Mail' style='border-bottom:2px dotted #888;'>E-<span class='hurraki_tooltip' data-title='Mail' style='border-bottom:2px dotted #888;'>Mail<\/span><\/span>: stadtteilladensued@riseup.net<\/p>\n<p><em>weitere Angaben folgen<\/em><\/p>\n<h4><strong><span style=\"font-size: 14pt;\">Haftungsausschluss<\/span><\/strong><\/h4>\n<p><strong>Haftung f\u00fcr Inhalte<\/strong><\/p>\n<p>Die Inhalte unserer Seiten wurden mit gr\u00f6\u00dfter Sorgfalt erstellt. F\u00fcr die Richtigkeit, Vollst\u00e4ndigkeit und Aktualit\u00e4t der Inhalte k\u00f6nnen wir jedoch keine Gew\u00e4hr \u00fcbernehmen. Als Diensteanbieter sind wir gem\u00e4\u00df \u00a7 7 Abs.1 TMG f\u00fcr eigene Inhalte auf diesen Seiten nach den allgemeinen Gesetzen verantwortlich. Nach \u00a7\u00a7 8 bis 10 TMG sind wir als Diensteanbieter jedoch nicht verpflichtet, \u00fcbermittelte oder gespeicherte fremde Informationen zu \u00fcberwachen oder nach Umst\u00e4nden zu forschen, die auf eine rechtswidrige T\u00e4tigkeit hinweisen. Verpflichtungen zur Entfernung oder Sperrung der Nutzung von Informationen nach den allgemeinen Gesetzen bleiben hiervon unber\u00fchrt. Eine diesbez\u00fcgliche Haftung ist jedoch erst ab dem Zeitpunkt der Kenntnis einer konkreten Rechtsverletzung m\u00f6glich. Bei Bekanntwerden von entsprechenden Rechtsverletzungen werden wir diese Inhalte umgehend entfernen.<\/p>\n<h5><span style=\"font-size: 12pt;\"><strong>Haftung f\u00fcr Links<\/strong><\/span><\/h5>\n<p>Unser Angebot enth\u00e4lt Links zu externen Webseiten Dritter, auf deren Inhalte wir keinen Einfluss haben. Deshalb k\u00f6nnen wir f\u00fcr diese fremden Inhalte auch keine Gew\u00e4hr \u00fcbernehmen. F\u00fcr die Inhalte der verlinkten Seiten ist stets der jeweilige Anbieter oder Betreiber der Seiten verantwortlich. Die verlinkten Seiten wurden zum Zeitpunkt der Verlinkung auf m\u00f6gliche Rechtsverst\u00f6\u00dfe \u00fcberpr\u00fcft. Rechtswidrige Inhalte waren zum Zeitpunkt der Verlinkung nicht erkennbar. Eine permanente inhaltliche Kontrolle der verlinkten Seiten ist jedoch ohne konkrete Anhaltspunkte einer Rechtsverletzung nicht zumutbar. Bei Bekanntwerden von Rechtsverletzungen werden wir derartige Links umgehend entfernen.<\/p>\n<h4><span style=\"font-size: 14pt;\"><strong>Datenschutz<\/strong><\/span><\/h4>\n<p>Die Nutzung unserer <span class='hurraki_tooltip' data-title='Webseite' style='border-bottom:2px dotted #888;'>Webseite<\/span> ist ohne Angabe personenbezogener Daten m\u00f6glich. Soweit auf unseren Seiten personenbezogene Daten (beispielsweise Name oder E-Mail-Adressen) erhoben werden, erfolgt dies auf freiwilliger Basis. Diese Daten werden ohne Ihre ausdr\u00fcckliche Zustimmung nicht an Dritte weitergegeben.<\/p>\n<p>Unsere Webseite nutzt eine SSL-bzw. TLS-<span class='hurraki_tooltip' data-title='Verschl\u00fcsselung' style='border-bottom:2px dotted #888;'>Verschl\u00fcsselung<\/span>. Die verschl\u00fcsselte Verbindung erkennen Sie an der &#8220;https:\/\/&#8221; Adressenzeile Ihres <span class='hurraki_tooltip' data-title='Browser' style='border-bottom:2px dotted #888;'>Browser<\/span> und am Schloss-Symbol in der Browserzeile. Wir weisen darauf hin, dass die Daten\u00fcbertragung im <span class='hurraki_tooltip' data-title='Internet' style='border-bottom:2px dotted #888;'>Internet<\/span> (z.B. bei der <span class='hurraki_tooltip' data-title='Kommunikation' style='border-bottom:2px dotted #888;'>Kommunikation<\/span> per E-Mail) Sicherheitsl\u00fccken aufweisen kann. Ein l\u00fcckenloser Schutz der Daten vor dem Zugriff durch Dritte ist nicht m\u00f6glich.<\/p>\n<div class=\"s3-t s3-t0\">\n<p>Unsere Webseite verwendet f\u00fcr die nutzerfreundliche und sichere Darstellung und Funktion des Kalenders\u00a0 \u201cSession-Cookies.\u201d Solche Cookies werden nach Ende Ihrer Browser-Sitzung von selbst gel\u00f6scht. Sie k\u00f6nnen in Ihren <span class='hurraki_tooltip' data-title='Webbrowser' style='border-bottom:2px dotted #888;'>Webbrowser<\/span> das Setzen von Cookies \u00fcberwachen, einschr\u00e4nken oder unterbinden bzw. Cookie-Einstellungen \u00e4ndern.<\/p>\n<\/div>\n<h3><\/h3>\n<h5><span style=\"font-size: 14pt;\"><strong>Urheberrecht<\/strong><\/span><\/h5>\n<p><a href=\"http:\/\/creativecommons.org\/licenses\/by-nc\/4.0\/\" rel=\"license\"><img decoding=\"async\" style=\"border-width: 0;\" src=\"https:\/\/i.creativecommons.org\/l\/by-nc\/4.0\/88x31.png\" alt=\"Creative Commons Lizenzvertrag\" \/><\/a><br \/>\nDie Ver\u00f6ffentlichungen auf unserer Webseite (Texte, Bilder) sind lizenziert unter einer <a href=\"http:\/\/creativecommons.org\/licenses\/by-nc\/4.0\/\" rel=\"license\">Creative Commons Namensnennung-Nicht kommerziell 4.0 International Lizenz<\/a>. F\u00fcr die urheberrechtliche Angabe ist die Magdelstube zu nennen.<\/p>\n<p>Soweit die Inhalte auf dieser Seite nicht vom Betreiber erstellt wurden, werden die Urheberrechte Dritter beachtet. Sollten Sie trotzdem auf eine Urheberrechtsverletzung aufmerksam werden, bitten wir um einen entsprechenden Hinweis. Bei Bekanntwerden von Rechtsverletzungen werden wir derartige Inhalte umgehend entfernen.<\/p>\n<h5><span style=\"font-size: 14pt;\"><strong><span class='hurraki_tooltip' data-title='Werbung' style='border-bottom:2px dotted #888;'>Werbung<\/span><\/strong><\/span><\/h5>\n<p>Der Nutzung von im Rahmen der Impressumspflicht ver\u00f6ffentlichten Kontaktdaten durch Dritte zur \u00dcbersendung von nicht ausdr\u00fccklich angeforderter Werbung und Informationsmaterialien wird hiermit ausdr\u00fccklich widersprochen. Die Betreiber der Seiten behalten sich ausdr\u00fccklich rechtliche Schritte im Falle der unverlangten Zusendung von Werbeinformationen, etwa durch <span class='hurraki_tooltip' data-title='Spam' style='border-bottom:2px dotted #888;'>Spam<\/span>-Mails, vor.<\/p>\n","protected":false},"excerpt":{"rendered":"<p>Angaben gem\u00e4\u00df \u00a7 5 TMG: Selbstorganisierter Stadtteilladen im S\u00fcdviertel &#8220;Magdelstube&#8221; s\u00fcdviertel solidarisch e.V. i. Gr. Magdelstieg 23 07745 Jena Vorstand: Rebekka Grimm, Sebastian Bandelin &amp; Nadine Ziller Kontakt: E-Mail: stadtteilladensued@riseup.net weitere Angaben folgen Haftungsausschluss Haftung f\u00fcr Inhalte Die Inhalte unserer<\/p>\n","protected":false},"author":1,"featured_media":0,"parent":0,"menu_order":0,"comment_status":"closed","ping_status":"closed","template":"","meta":{"footnotes":""},"class_list":["post-999","page","type-page","status-publish","hentry"],"translation":{"provider":"WPGlobus","version":"3.0.2","language":"en","enabled_languages":["de","en"],"languages":{"de":{"title":true,"content":true,"excerpt":false},"en":{"title":false,"content":false,"excerpt":false}}},"_links":{"self":[{"href":"https:\/\/m23.uber.space\/en\/wp-json\/wp\/v2\/pages\/999","targetHints":{"allow":["GET"]}}],"collection":[{"href":"https:\/\/m23.uber.space\/en\/wp-json\/wp\/v2\/pages"}],"about":[{"href":"https:\/\/m23.uber.space\/en\/wp-json\/wp\/v2\/types\/page"}],"author":[{"embeddable":true,"href":"https:\/\/m23.uber.space\/en\/wp-json\/wp\/v2\/users\/1"}],"replies":[{"embeddable":true,"href":"https:\/\/m23.uber.space\/en\/wp-json\/wp\/v2\/comments?post=999"}],"version-history":[{"count":21,"href":"https:\/\/m23.uber.space\/en\/wp-json\/wp\/v2\/pages\/999\/revisions"}],"predecessor-version":[{"id":1004,"href":"https:\/\/m23.uber.space\/en\/wp-json\/wp\/v2\/pages\/999\/revisions\/1004"}],"wp:attachment":[{"href":"https:\/\/m23.uber.space\/en\/wp-json\/wp\/v2\/media?parent=999"}],"curies":[{"name":"wp","href":"https:\/\/api.w.org\/{rel}","templated":true}]}}